{"id":482,"date":"2017-06-26T07:55:10","date_gmt":"2017-06-26T07:55:10","guid":{"rendered":"https:\/\/www.castelfrancoservizi.it\/website\/?page_id=482"},"modified":"2017-07-03T14:17:56","modified_gmt":"2017-07-03T14:17:56","slug":"la-consulta","status":"publish","type":"page","link":"https:\/\/amministrazionetrasparente.aeep.it\/sitoweb\/aeep\/la-consulta\/","title":{"rendered":"La consulta"},"content":{"rendered":"<p align=\"justify\">Conformemente a quanto stabilito dall&#8217;art. 13 dello Statuto nell&#8217;estate del 2007 si sono svolte le elezioni per il rinnovo della Consulta degli Inquilini.<\/p>\n<p align=\"justify\">La Consulta \u00e8 disciplinata oltre che dallo Statuto da un apposito regolamento.<\/p>\n<p align=\"center\"><strong>Al momento membri della Consulta degli inquilini sono:<\/strong><\/p>\n<p align=\"center\">&#8211; sig. Eugenio Giordan<\/p>\n<p align=\"center\">&#8211; sig.ra Tiziana Bano<\/p>\n<p align=\"center\">&nbsp;<\/p>\n<p align=\"center\"><strong>Regolamento della Consulta degli Inquilini<\/strong><\/p>\n<p align=\"justify\">ART. 1<br \/>\nLa Consulta degli Inquilini \u00e8 costituita, secondo le modalit\u00e0 previste dal presente Regolamento, ai sensi dell&#8217;art. 13 dello Statuto dell&#8217;Azienda per l&#8217;Edilizia Economica Popolare che, individuandone funzioni e compiti, recita:<br \/>\n1) il Consiglio di Amministrazione deve sentire, almeno due volte all\u2019anno, una consulta costituita da rappresentanti dei titolari di contratto di locazione degli alloggi di propriet\u00e0 dell\u2019Azienda;<br \/>\n2) la consulta \u00e8 composta da tre membri, individuati secondo le modalit\u00e0 previste in apposito regolamento dell\u2019Azienda. All\u2019atto della costituzione dell\u2019Azienda detto regolamento deve essere approvato entro trenta giorni dalla nomina del Consiglio di Amministrazione;<br \/>\n3) la consulta pu\u00f2 formulare proposte in ordine alle tematiche riguardanti la gestione degli alloggi dell\u2019Azienda dati in locazione e su ogni altra questione che coinvolga in generale gli inquilini.<\/p>\n<p align=\"justify\">ART. 2 \u2013 ELETTORATO PASSIVO<br \/>\nI candidati a membri della Consulta devono essere i titolari di un contratto di locazione degli alloggi o componenti del loro nucleo familiare cos\u00ec come definito dall\u2019art. 2 comma 4 della L.R. 02.04.1996 n\u00b0 10 ed essere estranei a procedure di decadenza.<\/p>\n<p align=\"justify\">ART. 3 &#8211; ELETTORATO ATTIVO<br \/>\nPossono votare i membri della consulta i titolari di contratti di locazione. La qualit\u00e0 di titolare fa riferimento alla data in cui si tengono le elezioni dei membri della Consulta stessa.<br \/>\nNon \u00e8 ammesso il voto per delega.<\/p>\n<p align=\"justify\">ART. 4 \u2013 MODALITA\u2019 DI PRESENTAZIONE DELLE CANDIDATURE DA PARTE DEGLI ASPIRANTI RAPPRESENTANTI<br \/>\nI candidati devono segnalare per iscritto all\u2019Azienda la loro candidatura entro il termine indicato nella comunicazione dell\u2019Azienda che informa tutti gli inquilini dell\u2019inizio della procedura elettorale.<br \/>\nI nominativi dei candidati depositati presso la sede dell&#8217;AEEP saranno affissi all\u2019Albo dell\u2019Azienda e del Comune di Castelfranco Veneto nei dieci giorni liberi antecedenti la data fissata per le elezioni e durante il loro svolgimento.<\/p>\n<p align=\"justify\">ART. 5 \u2013 PROCEDURA ELETTORALE<br \/>\nLe elezioni sono indette e convocate individualmente entro quattro mesi dalla data di insediamento del Consiglio di Amministrazione dell\u2019AEEP mediante avviso da inviarsi con lettera a tutti gli inquilini da parte dell&#8217;Azienda almeno un mese prima del giorno stabilito per l\u2019inizio delle votazioni.<br \/>\nL&#8217;avviso di indire convocazione delle elezioni rimarr\u00e0 affisso in modo visibile anche presso la sede dell&#8217;AEEP, fino alla conclusione delle operazioni elettorali.<br \/>\nTali elezioni saranno valide con la presenza di votanti non inferiore ad 1\/3 degli aventi diritto.<br \/>\nNel caso in cui non venga raggiunto il quorum di cui sopra, verranno indette nuove elezioni che saranno valide con la presenza di qualsiasi numero di votanti.<br \/>\nRisulteranno eletti i tre candidati che avranno ottenuto il maggior numero di voti. In caso di parit\u00e0 di voti sar\u00e0 eletto il candidato pi\u00f9 anziano intendendosi come tale colui che da pi\u00f9 tempo \u00e8 titolare del contratto di locazione o che occupa da pi\u00f9 tempo l\u2019alloggio. Del risultato delle elezioni verr\u00e0 data comunicazione, a mezzo lettera raccomandata, agli eletti da parte dell&#8217;Azienda.<br \/>\nL\u2019Azienda prender\u00e0 atto dell&#8217; elezione nella seduta consiliare immediatamente successiva alla data della elezione.<br \/>\nUna volta ricevute le candidature ai sensi dell\u2019art. 4 l\u2019Azienda invier\u00e0 ad ogni elettore una scheda vidimata dall\u2019A.E.E.P. sulla quale dovr\u00e0 essere espresso il voto.<br \/>\nOgni elettore potr\u00e0 esprimere una sola preferenza.<br \/>\nL\u2019A.E.E.P. provveder\u00e0 alla costituzione del seggio elettorale mediante la nomina di numero tre scrutinatori di cui uno Presidente.<br \/>\nLe elezioni si svolgeranno tramite il servizio postale. L\u2019elettore provveder\u00e0 ad inviare in busta chiusa, direttamente o tramite posta, la scheda di votazione che dovr\u00e0 pervenire in Azienda in qualsiasi modo inviata entro la data in essa indicata.<br \/>\nL\u2019elettore, anziano che vive da solo, o chiunque abbia problematiche motorie, o altre necessit\u00e0 contingenti, potr\u00e0 richiedere all\u2019A.E.E.P. di ritirare la busta chiusa con l\u2019espressione di voto presso la propria abitazione.<br \/>\nAl termine del giorno e ora fissate per la votazione si proceder\u00e0 successivamente e pubblicamente alle operazioni di scrutinio.<br \/>\nI membri della Consulta diverranno effettivi dalla data di elezione.<\/p>\n<p align=\"justify\">ART. 6 &#8211; DURATA &#8211; CAUSE DI DECADENZA DELL&#8217;INCARICO &#8211; INCOMPATIBILITA&#8217; &#8211; SOSTITUZIONE<br \/>\nI membri della Consulta rimangono in carica per lo stesso periodo del Consiglio di Amministrazione e possono essere rinominati .<br \/>\nSe un membro della Consulta non partecipa a due riunioni consecutive con il Consiglio di Amministrazione dell&#8217;AEEP, senza giustificato motivo, decade dall&#8217;incarico.<br \/>\nLa qualit\u00e0 di componente della Consulta si perde, inoltre, quando si verifica la perdita dei requisiti di cui all\u2019art. 2 della L.R. 02.04.1996 n\u00b0 10.<br \/>\nLe eventuali dimissioni di un membro della Consulta dovranno essere comunicate dal dimissionario con lettera raccomandata da inviarsi agli altri membri della Consulta e al Presidente del Consiglio di Amministrazione. La carica verr\u00e0 mantenuta fino all&#8217;accettazione di un nuovo membro.<br \/>\nLa condanna per delitto contro la Pubblica Amministrazione, contro l&#8217;amministrazione della giustizia, contro la fede pubblica, contro l&#8217;economia pubblica, l&#8217;industria e il commercio, contro il patrimonio oppure per ogni altro delitto non colposo, per il quale la legge commina la pena della reclusione, l&#8217;interdizione dai pubblici uffici o l&#8217;interdizione all&#8217;esercizio di un&#8217; attivit\u00e0 professionale comporta la decadenza immediata dall&#8217;incarico.<br \/>\nSi applicheranno in questo caso le norme previste per la sostituzione dei membri in carica.<br \/>\nNel caso in cui un membro della Consulta venga a mancare per morte, dimissioni o decadenza dell&#8217;incarico ad esso subentrer\u00e0 chi nelle elezioni ha ottenuto il maggior numero di voti e, in caso di parit\u00e0 di voti, il pi\u00f9 anziano intendendosi come tale colui che da pi\u00f9 tempo \u00e8 titolare di un contratto di locazione o che occupa da pi\u00f9 tempo un alloggio.<br \/>\nIl subentro dovr\u00e0 essere comunicato al sostituto a cura dell\u2019Azienda a mezzo lettera raccomandata e quest\u2019ultimo avr\u00e0 quindici giorni per accettare la nomina. Nel caso di mancata accettazione la carica verr\u00e0 attribuita al primo dei non eletti successivo in graduatoria.<br \/>\nNon sono eleggibili i membri del Consiglio di Amministrazione e il personale dell&#8217;Azienda.<\/p>\n<p align=\"justify\">ART. 7 &#8211; NOMINA DEL COORDINATORE DELLA CONSULTA<br \/>\nLa consulta \u00e8 un organo collegiale. Per motivi tecnico-amministrativi essa pu\u00f2 nominare al suo interno un Coordinatore . In caso di mancato accordo, Coordinatore \u00e8 membro della Consulta pi\u00f9 anziano intendendosi come tale colui che da pi\u00f9 tempo \u00e8 titolare di un contratto di locazione o che occupa da pi\u00f9 tempo un alloggio.<br \/>\nIl nominativo del Coordinatore verr\u00e0 comunicato da parte della Consulta al Consiglio di Amministrazione dell\u2019Azienda con lettera.<\/p>\n<p align=\"justify\">ART. 8 &#8211; RINUNCIA ALLA CARICA<br \/>\nL\u2019eventuale rinuncia alla carica dovr\u00e0 essere comunicata con lettera raccomandata da inviarsi al Presidente del Consiglio di Amministrazione entro otto giorni dal ricevimento della nomina a componente la Consulta. Subentrer\u00e0 al rinunciante chi nelle elezioni ha ottenuto, dopo di lui, il maggior numero di voti secondo quanto previsto per la sostituzione dei membri della Consulta. Ad esaurimento della lista dei candidati non eletti, si provveder\u00e0 ad indire nuove elezioni.<\/p>\n<p align=\"justify\">ART. 9 \u2013 CONVOCAZIONE DEI RAPPRESENTANTI DELLA CONSULTA A CURA DEL C.d.A.<br \/>\nPer la convocazione della Consulta il Presidente dell\u2019Azienda invier\u00e0 una lettera raccomandata ai suoi membri almeno quindici giorni prima del giorno fissato per la riunione presso la sede dell\u2019A.E.E.P.<br \/>\nLa raccomandata spedita ai membri della Consulta dovr\u00e0 contenere l&#8217;indicazione del giorno e dell&#8217;ora della riunione ed eventualmente specificare particolari argomenti da trattare.<\/p>\n<p align=\"justify\">ART. 10 \u2013 RIUNIONI DELLA CONSULTA<br \/>\nLa Consulta potr\u00e0 riunirsi a discrezione dei suoi membri anche senza la convocazione da parte del Consiglio di Amministrazione al di fuori della sede istituzionale dell\u2019A.E.E.P.<br \/>\nDelle riunioni della Consulta sar\u00e0 redatto Verbale.<br \/>\nIl presente Regolamento \u00e8 stato approvato dal Consiglio di Amministrazione con deliberazione n. 42 del 25\/05\/2007.<\/p>\n","protected":false},"excerpt":{"rendered":"<p>Conformemente a quanto stabilito dall&#8217;art. 13 dello Statuto nell&#8217;estate del 2007 si sono svolte le elezioni per il rinnovo della Consulta degli Inquilini. La Consulta \u00e8 disciplinata oltre che dallo Statuto da un apposito regolamento. Al momento membri della Consulta&#8230;<span class=\"read-more\"><a href=\"https:\/\/amministrazionetrasparente.aeep.it\/sitoweb\/aeep\/la-consulta\/\">Continua la lettura &rarr;<\/a><\/span><\/p>\n","protected":false},"author":1,"featured_media":0,"parent":31,"menu_order":0,"comment_status":"closed","ping_status":"closed","template":"","meta":{"_acf_changed":false,"ngg_post_thumbnail":0,"footnotes":""},"class_list":["post-482","page","type-page","status-publish","hentry"],"acf":[],"yoast_head":"<!-- This site is optimized with the Yoast SEO plugin v27.4 - https:\/\/yoast.com\/product\/yoast-seo-wordpress\/ -->\n<title>La consulta - AEEP<\/title>\n<meta name=\"robots\" content=\"noindex, follow, max-snippet:-1, max-image-preview:large, max-video-preview:-1\" \/>\n<meta property=\"og:locale\" content=\"it_IT\" \/>\n<meta property=\"og:type\" content=\"article\" \/>\n<meta property=\"og:title\" content=\"La consulta - AEEP\" \/>\n<meta property=\"og:description\" content=\"Conformemente a quanto stabilito dall&#8217;art. 13 dello Statuto nell&#8217;estate del 2007 si sono svolte le elezioni per il rinnovo della Consulta degli Inquilini. La Consulta \u00e8 disciplinata oltre che dallo Statuto da un apposito regolamento. Al momento membri della Consulta...Continua la lettura &rarr;\" \/>\n<meta property=\"og:url\" content=\"https:\/\/amministrazionetrasparente.aeep.it\/sitoweb\/aeep\/la-consulta\/\" \/>\n<meta property=\"og:site_name\" content=\"AEEP\" \/>\n<meta property=\"article:modified_time\" content=\"2017-07-03T14:17:56+00:00\" \/>\n<meta name=\"twitter:card\" content=\"summary_large_image\" \/>\n<meta name=\"twitter:label1\" content=\"Tempo di lettura stimato\" \/>\n\t<meta name=\"twitter:data1\" content=\"6 minuti\" \/>\n<script type=\"application\/ld+json\" class=\"yoast-schema-graph\">{\"@context\":\"https:\\\/\\\/schema.org\",\"@graph\":[{\"@type\":\"WebPage\",\"@id\":\"https:\\\/\\\/amministrazionetrasparente.aeep.it\\\/sitoweb\\\/aeep\\\/la-consulta\\\/\",\"url\":\"https:\\\/\\\/amministrazionetrasparente.aeep.it\\\/sitoweb\\\/aeep\\\/la-consulta\\\/\",\"name\":\"La consulta - AEEP\",\"isPartOf\":{\"@id\":\"https:\\\/\\\/amministrazionetrasparente.aeep.it\\\/sitoweb\\\/#website\"},\"datePublished\":\"2017-06-26T07:55:10+00:00\",\"dateModified\":\"2017-07-03T14:17:56+00:00\",\"breadcrumb\":{\"@id\":\"https:\\\/\\\/amministrazionetrasparente.aeep.it\\\/sitoweb\\\/aeep\\\/la-consulta\\\/#breadcrumb\"},\"inLanguage\":\"it-IT\",\"potentialAction\":[{\"@type\":\"ReadAction\",\"target\":[\"https:\\\/\\\/amministrazionetrasparente.aeep.it\\\/sitoweb\\\/aeep\\\/la-consulta\\\/\"]}]},{\"@type\":\"BreadcrumbList\",\"@id\":\"https:\\\/\\\/amministrazionetrasparente.aeep.it\\\/sitoweb\\\/aeep\\\/la-consulta\\\/#breadcrumb\",\"itemListElement\":[{\"@type\":\"ListItem\",\"position\":1,\"name\":\"Home\",\"item\":\"https:\\\/\\\/amministrazionetrasparente.aeep.it\\\/sitoweb\\\/\"},{\"@type\":\"ListItem\",\"position\":2,\"name\":\"AEEP &#8211; Azienda per l&#8217;Edilizia Economica e Popolare di Castelfranco Veneto\",\"item\":\"https:\\\/\\\/amministrazionetrasparente.aeep.it\\\/sitoweb\\\/aeep\\\/\"},{\"@type\":\"ListItem\",\"position\":3,\"name\":\"La consulta\"}]},{\"@type\":\"WebSite\",\"@id\":\"https:\\\/\\\/amministrazionetrasparente.aeep.it\\\/sitoweb\\\/#website\",\"url\":\"https:\\\/\\\/amministrazionetrasparente.aeep.it\\\/sitoweb\\\/\",\"name\":\"AEEP\",\"description\":\"Il portale dei servizi della citt\u00e0 di Castelfranco Veneto\",\"potentialAction\":[{\"@type\":\"SearchAction\",\"target\":{\"@type\":\"EntryPoint\",\"urlTemplate\":\"https:\\\/\\\/amministrazionetrasparente.aeep.it\\\/sitoweb\\\/?s={search_term_string}\"},\"query-input\":{\"@type\":\"PropertyValueSpecification\",\"valueRequired\":true,\"valueName\":\"search_term_string\"}}],\"inLanguage\":\"it-IT\"}]}<\/script>\n<!-- \/ Yoast SEO plugin. -->","yoast_head_json":{"title":"La consulta - AEEP","robots":{"index":"noindex","follow":"follow","max-snippet":"max-snippet:-1","max-image-preview":"max-image-preview:large","max-video-preview":"max-video-preview:-1"},"og_locale":"it_IT","og_type":"article","og_title":"La consulta - AEEP","og_description":"Conformemente a quanto stabilito dall&#8217;art. 13 dello Statuto nell&#8217;estate del 2007 si sono svolte le elezioni per il rinnovo della Consulta degli Inquilini. La Consulta \u00e8 disciplinata oltre che dallo Statuto da un apposito regolamento. Al momento membri della Consulta...Continua la lettura &rarr;","og_url":"https:\/\/amministrazionetrasparente.aeep.it\/sitoweb\/aeep\/la-consulta\/","og_site_name":"AEEP","article_modified_time":"2017-07-03T14:17:56+00:00","twitter_card":"summary_large_image","twitter_misc":{"Tempo di lettura stimato":"6 minuti"},"schema":{"@context":"https:\/\/schema.org","@graph":[{"@type":"WebPage","@id":"https:\/\/amministrazionetrasparente.aeep.it\/sitoweb\/aeep\/la-consulta\/","url":"https:\/\/amministrazionetrasparente.aeep.it\/sitoweb\/aeep\/la-consulta\/","name":"La consulta - AEEP","isPartOf":{"@id":"https:\/\/amministrazionetrasparente.aeep.it\/sitoweb\/#website"},"datePublished":"2017-06-26T07:55:10+00:00","dateModified":"2017-07-03T14:17:56+00:00","breadcrumb":{"@id":"https:\/\/amministrazionetrasparente.aeep.it\/sitoweb\/aeep\/la-consulta\/#breadcrumb"},"inLanguage":"it-IT","potentialAction":[{"@type":"ReadAction","target":["https:\/\/amministrazionetrasparente.aeep.it\/sitoweb\/aeep\/la-consulta\/"]}]},{"@type":"BreadcrumbList","@id":"https:\/\/amministrazionetrasparente.aeep.it\/sitoweb\/aeep\/la-consulta\/#breadcrumb","itemListElement":[{"@type":"ListItem","position":1,"name":"Home","item":"https:\/\/amministrazionetrasparente.aeep.it\/sitoweb\/"},{"@type":"ListItem","position":2,"name":"AEEP &#8211; Azienda per l&#8217;Edilizia Economica e Popolare di Castelfranco Veneto","item":"https:\/\/amministrazionetrasparente.aeep.it\/sitoweb\/aeep\/"},{"@type":"ListItem","position":3,"name":"La consulta"}]},{"@type":"WebSite","@id":"https:\/\/amministrazionetrasparente.aeep.it\/sitoweb\/#website","url":"https:\/\/amministrazionetrasparente.aeep.it\/sitoweb\/","name":"AEEP","description":"Il portale dei servizi della citt\u00e0 di Castelfranco Veneto","potentialAction":[{"@type":"SearchAction","target":{"@type":"EntryPoint","urlTemplate":"https:\/\/amministrazionetrasparente.aeep.it\/sitoweb\/?s={search_term_string}"},"query-input":{"@type":"PropertyValueSpecification","valueRequired":true,"valueName":"search_term_string"}}],"inLanguage":"it-IT"}]}},"jetpack_sharing_enabled":true,"_links":{"self":[{"href":"https:\/\/amministrazionetrasparente.aeep.it\/sitoweb\/wp-json\/wp\/v2\/pages\/482","targetHints":{"allow":["GET"]}}],"collection":[{"href":"https:\/\/amministrazionetrasparente.aeep.it\/sitoweb\/wp-json\/wp\/v2\/pages"}],"about":[{"href":"https:\/\/amministrazionetrasparente.aeep.it\/sitoweb\/wp-json\/wp\/v2\/types\/page"}],"author":[{"embeddable":true,"href":"https:\/\/amministrazionetrasparente.aeep.it\/sitoweb\/wp-json\/wp\/v2\/users\/1"}],"replies":[{"embeddable":true,"href":"https:\/\/amministrazionetrasparente.aeep.it\/sitoweb\/wp-json\/wp\/v2\/comments?post=482"}],"version-history":[{"count":2,"href":"https:\/\/amministrazionetrasparente.aeep.it\/sitoweb\/wp-json\/wp\/v2\/pages\/482\/revisions"}],"predecessor-version":[{"id":1042,"href":"https:\/\/amministrazionetrasparente.aeep.it\/sitoweb\/wp-json\/wp\/v2\/pages\/482\/revisions\/1042"}],"up":[{"embeddable":true,"href":"https:\/\/amministrazionetrasparente.aeep.it\/sitoweb\/wp-json\/wp\/v2\/pages\/31"}],"wp:attachment":[{"href":"https:\/\/amministrazionetrasparente.aeep.it\/sitoweb\/wp-json\/wp\/v2\/media?parent=482"}],"curies":[{"name":"wp","href":"https:\/\/api.w.org\/{rel}","templated":true}]}}