{"id":36,"date":"2017-05-25T15:19:18","date_gmt":"2017-05-25T15:19:18","guid":{"rendered":"https:\/\/www.castelfrancoservizi.it\/website\/?page_id=36"},"modified":"2022-04-19T07:33:37","modified_gmt":"2022-04-19T07:33:37","slug":"patrimonio-e-servizi","status":"publish","type":"page","link":"https:\/\/amministrazionetrasparente.aeep.it\/sitoweb\/patrimonio-e-servizi\/","title":{"rendered":"Patrimonio e Servizi"},"content":{"rendered":"<p><strong>AEEP <\/strong>ha inglobato le attivit\u00e0 di Castelfranco Patrimonio e Servizi S.r.l. proseguendo nello scopo di eseguire gli investimenti infrastrutturali della Citt\u00e0 di Castelfranco.<\/p>\n<p>Le peculiarit\u00e0 di questo strumento sono in primo luogo la <strong>totale propriet\u00e0 del Comune di Castelfranco Veneto<\/strong>, che quindi garantisce il rispetto delle linee strategiche e programmatiche messe in campo dall&#8217;amministrazione comunale, in secondo luogo la &#8220;patrimonializzazione&#8221;, cio\u00e8 la diretta propriet\u00e0 di alcuni beni pubblici consente ad AEEP di investire direttamente su propri beni, garantendo maggior snellezza nelle procedure tecniche ed amministrative e la possibilit\u00e0 di avere un controllo diretto sulla gestione dei progetti.<\/p>\n<h3><strong>I servizi forniti:<\/strong><\/h3>\n<p>&nbsp;<\/p>\n","protected":false},"excerpt":{"rendered":"<p>AEEP ha inglobato le attivit\u00e0 di Castelfranco Patrimonio e Servizi S.r.l. proseguendo nello scopo di eseguire gli investimenti infrastrutturali della Citt\u00e0 di Castelfranco. Le peculiarit\u00e0 di questo strumento sono in primo luogo la totale propriet\u00e0 del Comune di Castelfranco Veneto,&#8230;<span class=\"read-more\"><a href=\"https:\/\/amministrazionetrasparente.aeep.it\/sitoweb\/patrimonio-e-servizi\/\">Continua la lettura &rarr;<\/a><\/span><\/p>\n","protected":false},"author":1,"featured_media":0,"parent":0,"menu_order":0,"comment_status":"closed","ping_status":"closed","template":"","meta":{"_acf_changed":false,"ngg_post_thumbnail":0,"footnotes":""},"class_list":["post-36","page","type-page","status-publish","hentry"],"acf":[],"yoast_head":"<!-- This site is optimized with the Yoast SEO plugin v27.4 - https:\/\/yoast.com\/product\/yoast-seo-wordpress\/ -->\n<title>Patrimonio e Servizi - AEEP<\/title>\n<meta name=\"robots\" content=\"noindex, follow, max-snippet:-1, max-image-preview:large, max-video-preview:-1\" \/>\n<meta property=\"og:locale\" content=\"it_IT\" \/>\n<meta property=\"og:type\" content=\"article\" \/>\n<meta property=\"og:title\" content=\"Patrimonio e Servizi - AEEP\" \/>\n<meta property=\"og:description\" content=\"AEEP ha inglobato le attivit\u00e0 di Castelfranco Patrimonio e Servizi S.r.l. proseguendo nello scopo di eseguire gli investimenti infrastrutturali della Citt\u00e0 di Castelfranco. Le peculiarit\u00e0 di questo strumento sono in primo luogo la totale propriet\u00e0 del Comune di Castelfranco Veneto,...Continua la lettura &rarr;\" \/>\n<meta property=\"og:url\" content=\"https:\/\/amministrazionetrasparente.aeep.it\/sitoweb\/patrimonio-e-servizi\/\" \/>\n<meta property=\"og:site_name\" content=\"AEEP\" \/>\n<meta property=\"article:modified_time\" content=\"2022-04-19T07:33:37+00:00\" \/>\n<meta name=\"twitter:card\" content=\"summary_large_image\" \/>\n<meta name=\"twitter:label1\" content=\"Tempo di lettura stimato\" \/>\n\t<meta name=\"twitter:data1\" content=\"1 minuto\" \/>\n<script type=\"application\/ld+json\" class=\"yoast-schema-graph\">{\"@context\":\"https:\\\/\\\/schema.org\",\"@graph\":[{\"@type\":\"WebPage\",\"@id\":\"https:\\\/\\\/amministrazionetrasparente.aeep.it\\\/sitoweb\\\/patrimonio-e-servizi\\\/\",\"url\":\"https:\\\/\\\/amministrazionetrasparente.aeep.it\\\/sitoweb\\\/patrimonio-e-servizi\\\/\",\"name\":\"Patrimonio e Servizi - AEEP\",\"isPartOf\":{\"@id\":\"https:\\\/\\\/amministrazionetrasparente.aeep.it\\\/sitoweb\\\/#website\"},\"datePublished\":\"2017-05-25T15:19:18+00:00\",\"dateModified\":\"2022-04-19T07:33:37+00:00\",\"breadcrumb\":{\"@id\":\"https:\\\/\\\/amministrazionetrasparente.aeep.it\\\/sitoweb\\\/patrimonio-e-servizi\\\/#breadcrumb\"},\"inLanguage\":\"it-IT\",\"potentialAction\":[{\"@type\":\"ReadAction\",\"target\":[\"https:\\\/\\\/amministrazionetrasparente.aeep.it\\\/sitoweb\\\/patrimonio-e-servizi\\\/\"]}]},{\"@type\":\"BreadcrumbList\",\"@id\":\"https:\\\/\\\/amministrazionetrasparente.aeep.it\\\/sitoweb\\\/patrimonio-e-servizi\\\/#breadcrumb\",\"itemListElement\":[{\"@type\":\"ListItem\",\"position\":1,\"name\":\"Home\",\"item\":\"https:\\\/\\\/amministrazionetrasparente.aeep.it\\\/sitoweb\\\/\"},{\"@type\":\"ListItem\",\"position\":2,\"name\":\"Patrimonio e Servizi\"}]},{\"@type\":\"WebSite\",\"@id\":\"https:\\\/\\\/amministrazionetrasparente.aeep.it\\\/sitoweb\\\/#website\",\"url\":\"https:\\\/\\\/amministrazionetrasparente.aeep.it\\\/sitoweb\\\/\",\"name\":\"AEEP\",\"description\":\"Il portale dei servizi della citt\u00e0 di Castelfranco Veneto\",\"potentialAction\":[{\"@type\":\"SearchAction\",\"target\":{\"@type\":\"EntryPoint\",\"urlTemplate\":\"https:\\\/\\\/amministrazionetrasparente.aeep.it\\\/sitoweb\\\/?s={search_term_string}\"},\"query-input\":{\"@type\":\"PropertyValueSpecification\",\"valueRequired\":true,\"valueName\":\"search_term_string\"}}],\"inLanguage\":\"it-IT\"}]}<\/script>\n<!-- \/ Yoast SEO plugin. -->","yoast_head_json":{"title":"Patrimonio e Servizi - AEEP","robots":{"index":"noindex","follow":"follow","max-snippet":"max-snippet:-1","max-image-preview":"max-image-preview:large","max-video-preview":"max-video-preview:-1"},"og_locale":"it_IT","og_type":"article","og_title":"Patrimonio e Servizi - AEEP","og_description":"AEEP ha inglobato le attivit\u00e0 di Castelfranco Patrimonio e Servizi S.r.l. proseguendo nello scopo di eseguire gli investimenti infrastrutturali della Citt\u00e0 di Castelfranco. Le peculiarit\u00e0 di questo strumento sono in primo luogo la totale propriet\u00e0 del Comune di Castelfranco Veneto,...Continua la lettura &rarr;","og_url":"https:\/\/amministrazionetrasparente.aeep.it\/sitoweb\/patrimonio-e-servizi\/","og_site_name":"AEEP","article_modified_time":"2022-04-19T07:33:37+00:00","twitter_card":"summary_large_image","twitter_misc":{"Tempo di lettura stimato":"1 minuto"},"schema":{"@context":"https:\/\/schema.org","@graph":[{"@type":"WebPage","@id":"https:\/\/amministrazionetrasparente.aeep.it\/sitoweb\/patrimonio-e-servizi\/","url":"https:\/\/amministrazionetrasparente.aeep.it\/sitoweb\/patrimonio-e-servizi\/","name":"Patrimonio e Servizi - AEEP","isPartOf":{"@id":"https:\/\/amministrazionetrasparente.aeep.it\/sitoweb\/#website"},"datePublished":"2017-05-25T15:19:18+00:00","dateModified":"2022-04-19T07:33:37+00:00","breadcrumb":{"@id":"https:\/\/amministrazionetrasparente.aeep.it\/sitoweb\/patrimonio-e-servizi\/#breadcrumb"},"inLanguage":"it-IT","potentialAction":[{"@type":"ReadAction","target":["https:\/\/amministrazionetrasparente.aeep.it\/sitoweb\/patrimonio-e-servizi\/"]}]},{"@type":"BreadcrumbList","@id":"https:\/\/amministrazionetrasparente.aeep.it\/sitoweb\/patrimonio-e-servizi\/#breadcrumb","itemListElement":[{"@type":"ListItem","position":1,"name":"Home","item":"https:\/\/amministrazionetrasparente.aeep.it\/sitoweb\/"},{"@type":"ListItem","position":2,"name":"Patrimonio e Servizi"}]},{"@type":"WebSite","@id":"https:\/\/amministrazionetrasparente.aeep.it\/sitoweb\/#website","url":"https:\/\/amministrazionetrasparente.aeep.it\/sitoweb\/","name":"AEEP","description":"Il portale dei servizi della citt\u00e0 di Castelfranco Veneto","potentialAction":[{"@type":"SearchAction","target":{"@type":"EntryPoint","urlTemplate":"https:\/\/amministrazionetrasparente.aeep.it\/sitoweb\/?s={search_term_string}"},"query-input":{"@type":"PropertyValueSpecification","valueRequired":true,"valueName":"search_term_string"}}],"inLanguage":"it-IT"}]}},"jetpack_sharing_enabled":true,"_links":{"self":[{"href":"https:\/\/amministrazionetrasparente.aeep.it\/sitoweb\/wp-json\/wp\/v2\/pages\/36","targetHints":{"allow":["GET"]}}],"collection":[{"href":"https:\/\/amministrazionetrasparente.aeep.it\/sitoweb\/wp-json\/wp\/v2\/pages"}],"about":[{"href":"https:\/\/amministrazionetrasparente.aeep.it\/sitoweb\/wp-json\/wp\/v2\/types\/page"}],"author":[{"embeddable":true,"href":"https:\/\/amministrazionetrasparente.aeep.it\/sitoweb\/wp-json\/wp\/v2\/users\/1"}],"replies":[{"embeddable":true,"href":"https:\/\/amministrazionetrasparente.aeep.it\/sitoweb\/wp-json\/wp\/v2\/comments?post=36"}],"version-history":[{"count":4,"href":"https:\/\/amministrazionetrasparente.aeep.it\/sitoweb\/wp-json\/wp\/v2\/pages\/36\/revisions"}],"predecessor-version":[{"id":2676,"href":"https:\/\/amministrazionetrasparente.aeep.it\/sitoweb\/wp-json\/wp\/v2\/pages\/36\/revisions\/2676"}],"wp:attachment":[{"href":"https:\/\/amministrazionetrasparente.aeep.it\/sitoweb\/wp-json\/wp\/v2\/media?parent=36"}],"curies":[{"name":"wp","href":"https:\/\/api.w.org\/{rel}","templated":true}]}}